{"id":3,"date":"2019-09-05T11:48:10","date_gmt":"2019-09-05T09:48:10","guid":{"rendered":"https:\/\/www.nuriaanyo.com\/blog\/?page_id=3"},"modified":"2020-12-28T18:13:58","modified_gmt":"2020-12-28T17:13:58","slug":"politica-privacidad","status":"publish","type":"page","link":"https:\/\/www.nuriaanyo.com\/blog\/amp\/politica-privacidad\/","title":{"rendered":"Pol\u00edtica de privacidad"},"content":{"rendered":"\n<h2 class=\"wp-block-heading\">Qui\u00e9nes somos<\/h2>\n\n\n\n<p>La direcci\u00f3n de este blog es <a href=\"https:\/\/www.nuriaanyo.com\/blog\/amp\">https:\/\/www.nuriaanyo.com\/blog<\/a>. Apuntes de una escritora es un p\u00e1gina meramente informativa sobre la obra de la escritora <a href=\"https:\/\/www.nuriaanyo.com\">N\u00faria A\u00f1\u00f3<\/a>.<\/p>\n\n\n\n<h2 class=\"wp-block-heading\">Qu\u00e9 datos personales recogemos y por qu\u00e9 los recogemos<\/h2>\n\n\n\n<h3 class=\"wp-block-heading\">Comentarios<\/h3>\n\n\n\n<p>Cuando un visitante deja comentarios en la web, recopilamos datos que se muestran en el apartado de comentarios. La informaci\u00f3n recopilada normalmente incluye la direcci\u00f3n IP del comentarista, el navegador del usuario, el sitio de referencia y la URL del sitio (adem\u00e1s de otra informaci\u00f3n directamente facilitada por el comentarista, como su nombre, direcci\u00f3n de correo electr\u00f3nico y el comentario que haya escrito).  <\/p>\n\n\n\n<p>Una cadena an\u00f3nima creada a partir de la direcci\u00f3n de correo electr\u00f3nico (hash) puede ser proporcionada al servicio Gravatar para comprobar si la est\u00e1 usando. De ese modo, despu\u00e9s de la aprobaci\u00f3n del comentario, la imagen del perfil Gravatar ser\u00e1 visible junto al comentario.<\/p>\n\n\n\n<h3 class=\"wp-block-heading\">Cookies<\/h3>\n\n\n\n<p>Al dejar un comentario en nuestro sitio pueden quedar guardados datos como el nombre, direcci\u00f3n de correo electr\u00f3nico y web en cookies durante un a\u00f1o.<\/p>\n\n\n\n<h3 class=\"wp-block-heading\">Contenido incrustado de otros sitios web<\/h3>\n\n\n\n<p>Los art\u00edculos de este sitio pueden incluir contenido incrustado (por ejemplo, v\u00eddeos, im\u00e1genes, art\u00edculos, etc.) de otras web. Estas p\u00e1ginas pueden recopilar datos, utilizar cookies, incrustar un seguimiento adicional de terceros, y supervisar la interacci\u00f3n con ese contenido incrustado si tienes una cuenta y est\u00e1s conectado a esa web.<\/p>\n\n\n\n<h2 class=\"wp-block-heading\">Cu\u00e1nto tiempo conservamos los datos<\/h2>\n\n\n\n<p>Al dejar un comentario, \u00e9ste y sus metadatos se conservan indefinidamente, de ese modo podemos reconocer y aprobar comentarios sucesivos autom\u00e1ticamente en lugar de mantenerlos en una cola de moderaci\u00f3n.<\/p>\n\n\n\n<h2 class=\"wp-block-heading\">Qu\u00e9 derechos tiene sobre sus datos<\/h2>\n\n\n\n<p>Si ha dejado comentarios en esta web, puede solicitar la recepci\u00f3n de un archivo de exportaci\u00f3n de sus datos personales. Tambi\u00e9n puede solicitar que eliminemos cualquier dato personal que nos haya proporcionado. Esto no incluye aquellos datos que estemos obligados a conservar con fines administrativos, legales o de seguridad.<\/p>\n\n\n\n<h2 class=\"wp-block-heading\">D\u00f3nde enviamos los datos<\/h2>\n\n\n\n<p>Los comentarios de los visitantes puede que los revise un servicio de detecci\u00f3n autom\u00e1tica de spam.<\/p>\n\n\n\n<h2 class=\"wp-block-heading\">Boletines y correos electr\u00f3nicos<\/h2>\n\n\n\n<p>Cuando se suscribe a nuestro bolet\u00edn, es probable que reciba nuestros correos electr\u00f3nicos.<\/p>\n\n\n\n<p>Solo le enviaremos correos que haya confirmado por email. Para ello, utilizamos el nombre y la direcci\u00f3n de correo electr\u00f3nico que nos facilit\u00f3 previamente. Nuestro sitio tambi\u00e9n registra la direcci\u00f3n IP que utiliz\u00f3 al registraste para prevenir el abuso del sistema.<\/p>\n\n\n\n<p>Esta web puede enviar correos a trav\u00e9s del&nbsp;servicio de env\u00edos MailPoet. Dicho servicio permite monitorizar las aperturas y clics de nuestros correos. Utilizamos esta informaci\u00f3n para mejorar el contenido de los boletines.<\/p>\n\n\n\n<p>No monitorizamos ninguna otra informaci\u00f3n que le identifique fuera de este sitio salvo la direcci\u00f3n de correo electr\u00f3nico.<\/p>\n","protected":false},"excerpt":{"rendered":"<p>Qui\u00e9nes somos La direcci\u00f3n de este blog es https:\/\/www.nuriaanyo.com\/blog. Apuntes de una escritora es un p\u00e1gina meramente informativa sobre la [&hellip;]<\/p>\n","protected":false},"author":1,"featured_media":0,"parent":0,"menu_order":0,"comment_status":"closed","ping_status":"closed","template":"","meta":{"footnotes":""},"class_list":["post-3","page","type-page","status-publish","hentry"],"_links":{"self":[{"href":"https:\/\/www.nuriaanyo.com\/blog\/amp\/wp-json\/wp\/v2\/pages\/3","targetHints":{"allow":["GET"]}}],"collection":[{"href":"https:\/\/www.nuriaanyo.com\/blog\/amp\/wp-json\/wp\/v2\/pages"}],"about":[{"href":"https:\/\/www.nuriaanyo.com\/blog\/amp\/wp-json\/wp\/v2\/types\/page"}],"author":[{"embeddable":true,"href":"https:\/\/www.nuriaanyo.com\/blog\/amp\/wp-json\/wp\/v2\/users\/1"}],"replies":[{"embeddable":true,"href":"https:\/\/www.nuriaanyo.com\/blog\/amp\/wp-json\/wp\/v2\/comments?post=3"}],"version-history":[{"count":0,"href":"https:\/\/www.nuriaanyo.com\/blog\/amp\/wp-json\/wp\/v2\/pages\/3\/revisions"}],"wp:attachment":[{"href":"https:\/\/www.nuriaanyo.com\/blog\/amp\/wp-json\/wp\/v2\/media?parent=3"}],"curies":[{"name":"wp","href":"https:\/\/api.w.org\/{rel}","templated":true}]}}